{"id":8419,"date":"2024-01-17T09:42:46","date_gmt":"2024-01-17T07:42:46","guid":{"rendered":"https:\/\/www.pomegranatespahotel.com\/contact\/"},"modified":"2025-04-07T10:28:19","modified_gmt":"2025-04-07T08:28:19","slug":"contact","status":"publish","type":"page","link":"https:\/\/www.pomegranatespahotel.com\/de\/contact\/","title":{"rendered":"Kontakt"},"content":{"rendered":"\t\t<div data-elementor-type=\"wp-page\" data-elementor-id=\"8419\" class=\"elementor elementor-8419 elementor-62\" data-elementor-post-type=\"page\">\n\t\t\t\t<div class=\"elementor-element elementor-element-2d22ef8 e-con-full e-flex e-con e-parent\" data-id=\"2d22ef8\" data-element_type=\"container\" data-e-type=\"container\">\n\t\t\t\t<div class=\"elementor-element elementor-element-5d719ef elementor-widget elementor-widget-shortcode\" data-id=\"5d719ef\" data-element_type=\"widget\" data-e-type=\"widget\" data-widget_type=\"shortcode.default\">\n\t\t\t\t<div class=\"elementor-widget-container\">\n\t\t\t\t\t\t\t<div class=\"elementor-shortcode\"><nav aria-label=\"breadcrumbs\" class=\"rank-math-breadcrumb\"><p><span class=\"last\">Pomegranate Wellness Spa Hotel<\/span><\/p><\/nav><\/div>\n\t\t\t\t\t\t<\/div>\n\t\t\t\t<\/div>\n\t\t\t\t<\/div>\n\t\t<div class=\"elementor-element elementor-element-2f87f516 e-flex e-con-boxed e-con e-parent\" data-id=\"2f87f516\" data-element_type=\"container\" data-e-type=\"container\">\n\t\t\t\t\t<div class=\"e-con-inner\">\n\t\t\t\t<div class=\"elementor-element elementor-element-11fa8b62 elementor-widget__width-initial elementor-widget-divider--view-line elementor-widget elementor-widget-divider\" data-id=\"11fa8b62\" data-element_type=\"widget\" data-e-type=\"widget\" data-widget_type=\"divider.default\">\n\t\t\t\t<div class=\"elementor-widget-container\">\n\t\t\t\t\t\t\t<div class=\"elementor-divider\">\n\t\t\t<span class=\"elementor-divider-separator\">\n\t\t\t\t\t\t<\/span>\n\t\t<\/div>\n\t\t\t\t\t\t<\/div>\n\t\t\t\t<\/div>\n\t\t\t\t<div class=\"elementor-element elementor-element-79968058 elementor-widget elementor-widget-heading\" data-id=\"79968058\" data-element_type=\"widget\" data-e-type=\"widget\" data-widget_type=\"heading.default\">\n\t\t\t\t<div class=\"elementor-widget-container\">\n\t\t\t\t\t<h3 class=\"elementor-heading-title elementor-size-default\">Finde uns<\/h3>\t\t\t\t<\/div>\n\t\t\t\t<\/div>\n\t\t\t\t<div class=\"elementor-element elementor-element-52db74f0 elementor-widget__width-inherit elementor-widget elementor-widget-heading\" data-id=\"52db74f0\" data-element_type=\"widget\" data-e-type=\"widget\" data-widget_type=\"heading.default\">\n\t\t\t\t<div class=\"elementor-widget-container\">\n\t\t\t\t\t<h2 class=\"elementor-heading-title elementor-size-default\">Ideale Lage<\/h2>\t\t\t\t<\/div>\n\t\t\t\t<\/div>\n\t\t\t\t\t<\/div>\n\t\t\t\t<\/div>\n\t\t<div class=\"elementor-element elementor-element-55f846b e-flex e-con-boxed e-con e-parent\" data-id=\"55f846b\" data-element_type=\"container\" data-e-type=\"container\">\n\t\t\t\t\t<div class=\"e-con-inner\">\n\t\t<div class=\"elementor-element elementor-element-2929f52 e-con-full e-flex e-con e-child\" data-id=\"2929f52\" data-element_type=\"container\" data-e-type=\"container\" data-settings=\"{&quot;background_background&quot;:&quot;classic&quot;}\">\n\t\t\t\t<div class=\"elementor-element elementor-element-a81a600 elementor-widget elementor-widget-heading\" data-id=\"a81a600\" data-element_type=\"widget\" data-e-type=\"widget\" data-widget_type=\"heading.default\">\n\t\t\t\t<div class=\"elementor-widget-container\">\n\t\t\t\t\t<h2 class=\"elementor-heading-title elementor-size-default\">POMEGRANATE WELLNESS SPA HOTEL<\/h2>\t\t\t\t<\/div>\n\t\t\t\t<\/div>\n\t\t\t\t<div class=\"elementor-element elementor-element-c961271 elementor-widget-divider--view-line elementor-widget elementor-widget-divider\" data-id=\"c961271\" data-element_type=\"widget\" data-e-type=\"widget\" data-widget_type=\"divider.default\">\n\t\t\t\t<div class=\"elementor-widget-container\">\n\t\t\t\t\t\t\t<div class=\"elementor-divider\">\n\t\t\t<span class=\"elementor-divider-separator\">\n\t\t\t\t\t\t<\/span>\n\t\t<\/div>\n\t\t\t\t\t\t<\/div>\n\t\t\t\t<\/div>\n\t\t\t\t<div class=\"elementor-element elementor-element-73ab216 elementor-align-start elementor-icon-list--layout-traditional elementor-list-item-link-full_width elementor-widget elementor-widget-icon-list\" data-id=\"73ab216\" data-element_type=\"widget\" data-e-type=\"widget\" data-widget_type=\"icon-list.default\">\n\t\t\t\t<div class=\"elementor-widget-container\">\n\t\t\t\t\t\t\t<ul class=\"elementor-icon-list-items\">\n\t\t\t\t\t\t\t<li class=\"elementor-icon-list-item\">\n\t\t\t\t\t\t\t\t\t\t\t<a href=\"https:\/\/www.google.gr\/maps\/place\/Pomegranate+Wellness+Spa+Hotel\/@40.207189,23.322589,18z\/data=!4m8!3m7!1s0x14a87e867ff9b0e5:0x9f78cd7bd4b17e14!5m2!4m1!1i2!8m2!3d40.206968!4d23.32261?hl=en\" target=\"_blank\" rel=\"noopener\">\n\n\t\t\t\t\t\t\t\t\t\t\t\t<span class=\"elementor-icon-list-icon\">\n\t\t\t\t\t\t\t<svg xmlns=\"http:\/\/www.w3.org\/2000\/svg\" xmlns:xlink=\"http:\/\/www.w3.org\/1999\/xlink\" x=\"0px\" y=\"0px\" viewBox=\"0 0 256 256\" xml:space=\"preserve\"><metadata> Svg Vector Icons : http:\/\/www.onlinewebfonts.com\/icon <\/metadata><g><g><g><path d=\"M119.3,10.4c-6,0.6-11.2,1.8-17.7,3.9c-28.4,9.4-49.1,33.1-55.2,63.1c-0.9,4.5-1.1,6.7-1,15.2c0,13.4,1.6,22.7,6.5,37.4c10,30.2,30.9,65.1,60.3,100.6c8.1,9.8,13.1,14.8,15.2,15.2c3.7,0.7,7.1-2.5,21.2-20.3c22.6-28.2,40.7-57.9,50.9-83c10.4-25.8,13.5-48.1,9.3-67.6c-2.5-11.9-8.4-24-16.1-33.8C175.2,19.3,147.2,7.5,119.3,10.4z M136.5,40.2c8.2,1.4,17.1,5.2,23.4,9.9c7.1,5.4,14,14.2,17.2,22.3c3.1,7.7,3.7,10.7,3.7,20.5c0,8.2-0.1,9.1-1.3,13.4c-9.8,35.1-49.5,50.8-80.1,31.6c-12.3-7.7-21.3-20.9-24-35.2c-0.9-4.9-0.9-14.7,0-19.6c0.8-4.2,3-10.6,4.6-14c3.7-7.2,11.2-15.8,17.7-20.2c3.7-2.5,10.6-5.9,14.5-7C119.8,39.5,129,38.9,136.5,40.2z\"><\/path><\/g><\/g><\/g><\/svg>\t\t\t\t\t\t<\/span>\n\t\t\t\t\t\t\t\t\t\t<span class=\"elementor-icon-list-text\">63200, Kassandra, Nea Moudania (near Nea Potidea), Halkidiki, Greece<\/span>\n\t\t\t\t\t\t\t\t\t\t\t<\/a>\n\t\t\t\t\t\t\t\t\t<\/li>\n\t\t\t\t\t\t\t\t<li class=\"elementor-icon-list-item\">\n\t\t\t\t\t\t\t\t\t\t\t<a href=\"tel:+302373043070\">\n\n\t\t\t\t\t\t\t\t\t\t\t\t<span class=\"elementor-icon-list-icon\">\n\t\t\t\t\t\t\t<svg xmlns=\"http:\/\/www.w3.org\/2000\/svg\" xmlns:xlink=\"http:\/\/www.w3.org\/1999\/xlink\" x=\"0px\" y=\"0px\" viewBox=\"0 0 256 256\" xml:space=\"preserve\" class=\"my-phone\"><metadata> Svg Vector Icons : http:\/\/www.onlinewebfonts.com\/icon <\/metadata><g><g><path d=\"M81.2,11.8c1.2,0,1.2,0,2.4,1.2c1.2,1.2,4.7,4.7,4.7,7.1c0,2.4,0,8.3,1.2,13.1c2.4,5.9,4.7,21.3,8.3,29.6c3.6,8.3,4.7,13.1,1.2,17.8C95.4,86.5,72.8,109,72.8,109s5.9,11.8,13.1,19c5.9,8.3,15.4,20.2,27.3,29.6c11.8,10.7,24.9,20.2,37.9,26.1c13.1-13.1,23.7-23.7,27.3-26.1c3.6-2.4,3.6-3.6,9.5-1.2c5.9,2.4,14.2,5.9,23.7,7.1c8.3,1.2,17.8,2.4,23.7,3.5c5.9,1.2,5.9,1.2,7.1,3.6c2.4,2.4,3.6,5.9,3.6,7.1s0,4.7,0,16.6s0,28.5,0,32c0,3.6,0,3.6-1.2,5.9c-1.2,2.4-2.4,8.3-2.4,8.3c0,1.2-5.9,3.5-9.5,3.5c-3.6,0-16.6,0-24.9-1.2s-30.8-5.9-39.1-9.5c-8.3-2.4-35.6-11.8-68.8-36.8C69.3,173,46.8,141,33.7,114.9c-13.1-26-20.2-54.5-21.3-68.7C10,32,10,26,10,22.5c1.2-3.5,4.7-7.1,7.1-8.3c2.4-1.2,5.9-2.4,9.5-2.4c3.6,0,13.1,0,26.1,0C65.7,11.8,81.2,11.8,81.2,11.8z\"><\/path><\/g><\/g><\/svg>\t\t\t\t\t\t<\/span>\n\t\t\t\t\t\t\t\t\t\t<span class=\"elementor-icon-list-text\">+30 23730 43070<\/span>\n\t\t\t\t\t\t\t\t\t\t\t<\/a>\n\t\t\t\t\t\t\t\t\t<\/li>\n\t\t\t\t\t\t\t\t<li class=\"elementor-icon-list-item\">\n\t\t\t\t\t\t\t\t\t\t\t<a href=\"mailto:info@pomegranatespahotel.com\">\n\n\t\t\t\t\t\t\t\t\t\t\t\t<span class=\"elementor-icon-list-icon\">\n\t\t\t\t\t\t\t<svg xmlns=\"http:\/\/www.w3.org\/2000\/svg\" xmlns:xlink=\"http:\/\/www.w3.org\/1999\/xlink\" x=\"0px\" y=\"0px\" viewBox=\"0 0 256 256\" xml:space=\"preserve\"><metadata> Svg Vector Icons : http:\/\/www.onlinewebfonts.com\/icon <\/metadata><g><g><g><path d=\"M21.2,39.8c-5.8,1.4-10.7,6.9-11,12.3l-0.1,2.2l16.8,13C79.2,107.6,127.8,145,128,145c0.1,0,26.7-20.4,59-45.4l58.8-45.3l0-2c-0.1-4.3-3.7-9.2-8.3-11.5l-2.3-1.2l-106.3-0.1C70.4,39.6,22,39.6,21.2,39.8z\"><\/path><path d=\"M10,145.8l0.1,59.9l1.2,2.3c1.4,3,4.2,5.7,7.1,7.1l2.3,1.2l106.3,0.1c96.5,0.1,106.5,0,108.6-0.6c4.7-1.5,8.2-4.9,9.7-9.7c0.7-2,0.7-8.2,0.6-60.5l-0.1-58.2l-54.6,41c-30,22.6-55.5,41.5-56.7,42.1c-1.8,0.9-2.9,1.1-6.5,1.1c-3.8,0-4.7-0.1-6.8-1.2c-1.3-0.6-26.7-19.8-56.3-42.5c-29.7-22.7-54.2-41.4-54.5-41.6C10.1,86,9.9,101.1,10,145.8z\"><\/path><\/g><\/g><\/g><\/svg>\t\t\t\t\t\t<\/span>\n\t\t\t\t\t\t\t\t\t\t<span class=\"elementor-icon-list-text\">info@pomegranatespahotel.com<\/span>\n\t\t\t\t\t\t\t\t\t\t\t<\/a>\n\t\t\t\t\t\t\t\t\t<\/li>\n\t\t\t\t\t\t<\/ul>\n\t\t\t\t\t\t<\/div>\n\t\t\t\t<\/div>\n\t\t\t\t<\/div>\n\t\t<div class=\"elementor-element elementor-element-8d0f85f e-con-full e-flex e-con e-child\" data-id=\"8d0f85f\" data-element_type=\"container\" data-e-type=\"container\">\n\t\t\t\t<div class=\"elementor-element elementor-element-9c7a7c5 elementor-widget elementor-widget-heading\" data-id=\"9c7a7c5\" data-element_type=\"widget\" data-e-type=\"widget\" data-widget_type=\"heading.default\">\n\t\t\t\t<div class=\"elementor-widget-container\">\n\t\t\t\t\t<h1 class=\"elementor-heading-title elementor-size-default\">Senden Sie Uns Eine Mitteilung<\/h1>\t\t\t\t<\/div>\n\t\t\t\t<\/div>\n\t\t\t\t<div class=\"elementor-element elementor-element-c464e1e elementor-button-align-start elementor-widget elementor-widget-form\" data-id=\"c464e1e\" data-element_type=\"widget\" data-e-type=\"widget\" data-settings=\"{&quot;step_next_label&quot;:&quot;N\\u00e4chste&quot;,&quot;step_previous_label&quot;:&quot;Vorherige&quot;,&quot;button_width&quot;:&quot;100&quot;,&quot;step_type&quot;:&quot;number_text&quot;,&quot;step_icon_shape&quot;:&quot;circle&quot;}\" data-widget_type=\"form.default\">\n\t\t\t\t<div class=\"elementor-widget-container\">\n\t\t\t\t\t\t\t<form class=\"elementor-form\" method=\"post\" name=\"New Form\" aria-label=\"New Form\">\n\t\t\t<input type=\"hidden\" name=\"post_id\" value=\"8419\"\/>\n\t\t\t<input type=\"hidden\" name=\"form_id\" value=\"c464e1e\"\/>\n\t\t\t<input type=\"hidden\" name=\"referer_title\" value=\"Kontakt - Pomegranate Wellness Spa Hotel\" \/>\n\n\t\t\t\t\t\t\t<input type=\"hidden\" name=\"queried_id\" value=\"8419\"\/>\n\t\t\t\n\t\t\t<div class=\"elementor-form-fields-wrapper elementor-labels-\">\n\t\t\t\t\t\t\t\t<div class=\"elementor-field-type-recaptcha_v3 elementor-field-group elementor-column elementor-field-group-field_05b2482 elementor-col-100 recaptcha_v3-bottomright\">\n\t\t\t\t\t<div class=\"elementor-field\" id=\"form-field-field_05b2482\"><div class=\"elementor-g-recaptcha\" data-sitekey=\"6LcrCoAUAAAAAJwF61KKyJh6SdZdGznQ_Esc7opP\" data-type=\"v3\" data-action=\"Form\" data-badge=\"bottomright\" data-size=\"invisible\"><\/div><\/div>\t\t\t\t<\/div>\n\t\t\t\t\t\t\t\t<div class=\"elementor-field-type-text elementor-field-group elementor-column elementor-field-group-name elementor-col-33 elementor-md-80 elementor-sm-50\">\n\t\t\t\t\t\t\t\t\t\t\t\t<label for=\"form-field-name\" class=\"elementor-field-label elementor-screen-only\">\n\t\t\t\t\t\t\t\tDein Name*\t\t\t\t\t\t\t<\/label>\n\t\t\t\t\t\t\t\t\t\t\t\t\t\t<input size=\"1\" type=\"text\" name=\"form_fields[name]\" id=\"form-field-name\" class=\"elementor-field elementor-size-sm  elementor-field-textual\" placeholder=\"Dein Name*\">\n\t\t\t\t\t\t\t\t\t\t\t<\/div>\n\t\t\t\t\t\t\t\t<div class=\"elementor-field-type-email elementor-field-group elementor-column elementor-field-group-email elementor-col-33 elementor-md-80 elementor-sm-50 elementor-field-required\">\n\t\t\t\t\t\t\t\t\t\t\t\t<label for=\"form-field-email\" class=\"elementor-field-label elementor-screen-only\">\n\t\t\t\t\t\t\t\tE-Mail-Adresse*\t\t\t\t\t\t\t<\/label>\n\t\t\t\t\t\t\t\t\t\t\t\t\t\t<input size=\"1\" type=\"email\" name=\"form_fields[email]\" id=\"form-field-email\" class=\"elementor-field elementor-size-sm  elementor-field-textual\" placeholder=\"E-Mail-Adresse*\" required=\"required\">\n\t\t\t\t\t\t\t\t\t\t\t<\/div>\n\t\t\t\t\t\t\t\t<div class=\"elementor-field-type-tel elementor-field-group elementor-column elementor-field-group-field_e1560b3 elementor-col-33 elementor-md-80\">\n\t\t\t\t\t\t\t\t\t\t\t\t<label for=\"form-field-field_e1560b3\" class=\"elementor-field-label elementor-screen-only\">\n\t\t\t\t\t\t\t\tTelefonnummer\t\t\t\t\t\t\t<\/label>\n\t\t\t\t\t\t\t\t<input size=\"1\" type=\"tel\" name=\"form_fields[field_e1560b3]\" id=\"form-field-field_e1560b3\" class=\"elementor-field elementor-size-sm  elementor-field-textual\" placeholder=\"Telefonnummer\" pattern=\"[0-9()#&amp;+*-=.]+\" title=\"Nur Nummern oder Telefon-Zeichen (#, -, *, etc) werden akzeptiert.\">\n\n\t\t\t\t\t\t<\/div>\n\t\t\t\t\t\t\t\t<div class=\"elementor-field-type-textarea elementor-field-group elementor-column elementor-field-group-message elementor-col-100\">\n\t\t\t\t\t\t\t\t\t\t\t\t<label for=\"form-field-message\" class=\"elementor-field-label elementor-screen-only\">\n\t\t\t\t\t\t\t\tDeine Botschaft\t\t\t\t\t\t\t<\/label>\n\t\t\t\t\t\t<textarea class=\"elementor-field-textual elementor-field  elementor-size-sm\" name=\"form_fields[message]\" id=\"form-field-message\" rows=\"4\" placeholder=\"Deine Botschaft\"><\/textarea>\t\t\t\t<\/div>\n\t\t\t\t\t\t\t\t<div class=\"elementor-field-group elementor-column elementor-field-type-submit elementor-col-100 e-form__buttons\">\n\t\t\t\t\t<button class=\"elementor-button elementor-size-sm\" type=\"submit\">\n\t\t\t\t\t\t<span class=\"elementor-button-content-wrapper\">\n\t\t\t\t\t\t\t\t\t\t\t\t\t\t\t\t\t\t\t\t\t\t<span class=\"elementor-button-text\">Senden<\/span>\n\t\t\t\t\t\t\t\t\t\t\t\t\t<\/span>\n\t\t\t\t\t<\/button>\n\t\t\t\t<\/div>\n\t\t\t<\/div>\n\t\t<\/form>\n\t\t\t\t\t\t<\/div>\n\t\t\t\t<\/div>\n\t\t\t\t<\/div>\n\t\t\t\t\t<\/div>\n\t\t\t\t<\/div>\n\t\t<div class=\"elementor-element elementor-element-6c9a876 e-con-full e-flex e-con e-child\" data-id=\"6c9a876\" data-element_type=\"container\" data-e-type=\"container\">\n\t\t\t\t<div class=\"elementor-element elementor-element-1605cd3 elementor-widget elementor-widget-google_maps\" data-id=\"1605cd3\" data-element_type=\"widget\" data-e-type=\"widget\" data-widget_type=\"google_maps.default\">\n\t\t\t\t<div class=\"elementor-widget-container\">\n\t\t\t\t\t\t\t<div class=\"elementor-custom-embed\">\n\t\t\t<iframe loading=\"lazy\"\n\t\t\t\t\tsrc=\"https:\/\/maps.google.com\/maps?q=Pomegranate%20Wellness%20Spa%20Hotel&#038;t=m&#038;z=9&#038;output=embed&#038;iwloc=near\"\n\t\t\t\t\ttitle=\"Pomegranate Wellness Spa Hotel\"\n\t\t\t\t\taria-label=\"Pomegranate Wellness Spa Hotel\"\n\t\t\t><\/iframe>\n\t\t<\/div>\n\t\t\t\t\t\t<\/div>\n\t\t\t\t<\/div>\n\t\t\t\t<div class=\"elementor-element elementor-element-044e747 elementor-widget elementor-widget-button\" data-id=\"044e747\" data-element_type=\"widget\" data-e-type=\"widget\" data-widget_type=\"button.default\">\n\t\t\t\t<div class=\"elementor-widget-container\">\n\t\t\t\t\t\t\t\t\t<div class=\"elementor-button-wrapper\">\n\t\t\t\t\t<a class=\"elementor-button elementor-button-link elementor-size-xl\" href=\"https:\/\/www.google.gr\/maps\/place\/Pomegranate+Wellness+Spa+Hotel\/@40.207189,23.322589,18z\/data=!4m5!3m4!1s0x14a87e867ff9b0e5:0x9f78cd7bd4b17e14!8m2!3d40.206968!4d23.32261?hl=en\" target=\"_blank\" rel=\"noopener\">\n\t\t\t\t\t\t<span class=\"elementor-button-content-wrapper\">\n\t\t\t\t\t\t<span class=\"elementor-button-icon\">\n\t\t\t\t<svg xmlns=\"http:\/\/www.w3.org\/2000\/svg\" xmlns:xlink=\"http:\/\/www.w3.org\/1999\/xlink\" x=\"0px\" y=\"0px\" viewBox=\"0 0 256 256\" xml:space=\"preserve\"><metadata> Svg Vector Icons : http:\/\/www.onlinewebfonts.com\/icon <\/metadata><g><g><g><path d=\"M209.3,49.7l-36.4,28.6l-0.1,27.3V133h1.4c2.9,0,10.1,2.2,14.5,4.3c10.4,5.1,18.4,14.5,21.9,25.7c2.1,6.8,1.9,17.4-0.5,25.5c-0.6,1.7-0.9,3.2-0.9,3.3c0,0.1,8.3-6.5,18.4-14.6l18.3-14.7V91.8c0-38.9-0.1-70.8-0.2-70.8C245.7,21.1,229.3,34,209.3,49.7z\"><\/path><path d=\"M46.2,53.2L10,81.8v71.6c0,70.8,0,71.6,1,70.9c0.6-0.4,17-13.5,36.6-29.2l35.6-28.5v-71c0-39-0.1-71-0.3-70.9C82.5,24.7,66.1,37.5,46.2,53.2z\"><\/path><path d=\"M93.8,96.1l0.2,71l19.6,15.5c10.7,8.6,19.7,15.5,19.8,15.4c0.1-0.1-0.6-2.2-1.6-4.7c-2.7-7.3-3.9-14.1-3.6-20.4c0.6-11.5,4.9-20.7,13.2-28.8c5.3-5.1,10.1-7.9,17.6-10.3l3.5-1.1v-27.4V77.9l-34-26.4C109.8,37,94.3,25.1,94.1,25.1C93.9,25.1,93.8,57,93.8,96.1z\"><\/path><path d=\"M161.9,143.6c-15.1,3.9-25.2,18-24.2,33.7c0.9,13.9,9.2,29.6,28,52.3c2.4,2.9,4.4,5.2,4.6,5.2s2.8-2.9,5.6-6.5c20-24.3,27.8-40.5,27-55.6c-0.5-8.2-3.4-14.7-9.4-20.7c-4.4-4.4-9.1-7.1-14.9-8.6C173.6,142.3,166.9,142.3,161.9,143.6z M176.6,160.9c3.2,1.3,7.1,5.6,8.2,9c2.4,7.2-1,15.1-7.7,18.5c-2.4,1.2-3.5,1.4-6.7,1.4s-4.3-0.3-6.7-1.4c-5.1-2.5-8-6.9-8.4-12.7C154.6,164.2,165.8,156.4,176.6,160.9z\"><\/path><\/g><\/g><\/g><\/svg>\t\t\t<\/span>\n\t\t\t\t\t\t\t\t\t<span class=\"elementor-button-text\">Gps: Hier Fahren<\/span>\n\t\t\t\t\t<\/span>\n\t\t\t\t\t<\/a>\n\t\t\t\t<\/div>\n\t\t\t\t\t\t\t\t<\/div>\n\t\t\t\t<\/div>\n\t\t\t\t<\/div>\n\t\t<div class=\"elementor-element elementor-element-47dd4d8 e-flex e-con-boxed e-con e-parent\" data-id=\"47dd4d8\" data-element_type=\"container\" data-e-type=\"container\">\n\t\t\t\t\t<div class=\"e-con-inner\">\n\t\t\t\t<div class=\"elementor-element elementor-element-aa3da58 elementor-widget elementor-widget-heading\" data-id=\"aa3da58\" data-element_type=\"widget\" data-e-type=\"widget\" data-widget_type=\"heading.default\">\n\t\t\t\t<div class=\"elementor-widget-container\">\n\t\t\t\t\t<h3 class=\"elementor-heading-title elementor-size-default\">Eintreffen an Pomegranate Wellness Spa Hotel in Chalkidiki, Griechenland<\/h3>\t\t\t\t<\/div>\n\t\t\t\t<\/div>\n\t\t\t\t<div class=\"elementor-element elementor-element-72110c2 elementor-widget elementor-widget-text-editor\" data-id=\"72110c2\" data-element_type=\"widget\" data-e-type=\"widget\" data-widget_type=\"text-editor.default\">\n\t\t\t\t<div class=\"elementor-widget-container\">\n\t\t\t\t\t\t\t\t\t<p>Nach gerade einer 30-min\u00fctigen Fahrt vom Internationalen Flughafen von Thessaloniki, bietet Pomegranates strategischer Standort, zwischen den Halbinseln Kassandra und Sithonia, den perfekten Ausgangspunkt f\u00fcr diejenigen, die sich w\u00fcnschen, die kristallklaren Str\u00e4nde und Natur von Chalkidiki, sowie die wunderbaren Sch\u00e4tzen von Thessaloniki zu entdecken.<\/p>\t\t\t\t\t\t\t\t<\/div>\n\t\t\t\t<\/div>\n\t\t\t\t<div class=\"elementor-element elementor-element-f821143 elementor-position-inline-end elementor-mobile-position-inline-end elementor-widget-mobile__width-initial elementor-view-default elementor-widget elementor-widget-icon-box\" data-id=\"f821143\" data-element_type=\"widget\" data-e-type=\"widget\" data-widget_type=\"icon-box.default\">\n\t\t\t\t<div class=\"elementor-widget-container\">\n\t\t\t\t\t\t\t<div class=\"elementor-icon-box-wrapper\">\n\n\t\t\t\t\t\t<div class=\"elementor-icon-box-icon\">\n\t\t\t\t<a href=\"https:\/\/www.pomegranatespahotel.com\/de\/halkidiki\/how-get-here\/\" class=\"elementor-icon\" tabindex=\"-1\" aria-label=\"Reiseziel\">\n\t\t\t\t<svg xmlns=\"http:\/\/www.w3.org\/2000\/svg\" fill=\"none\" height=\"20\" viewBox=\"0 0 20 20\" width=\"20\"><path d=\"M8.64582 4.14708C8.84073 3.95147 9.15731 3.9509 9.35292 4.14582L14.8374 9.6108C15.0531 9.82574 15.0531 10.1751 14.8374 10.39L9.35292 15.855C9.15731 16.0499 8.84073 16.0493 8.64582 15.8537C8.4509 15.6581 8.45147 15.3415 8.64708 15.1466L13.8117 10.0004L8.64708 4.85418C8.45147 4.65927 8.4509 4.34269 8.64582 4.14708ZM4.64582 4.14708C4.84073 3.95147 5.15731 3.9509 5.35292 4.14582L10.8374 9.6108C11.0531 9.82574 11.0531 10.1751 10.8374 10.39L5.35292 15.855C5.15731 16.0499 4.84073 16.0493 4.64582 15.8537C4.4509 15.6581 4.45147 15.3415 4.64708 15.1466L9.81166 10.0004L4.64708 4.85418C4.45147 4.65927 4.4509 4.34269 4.64582 4.14708Z\" fill=\"#212121\"><\/path><\/svg>\t\t\t\t<\/a>\n\t\t\t<\/div>\n\t\t\t\n\t\t\t\t\t\t<div class=\"elementor-icon-box-content\">\n\n\t\t\t\t\t\t\t\t\t<span class=\"elementor-icon-box-title\">\n\t\t\t\t\t\t<a href=\"https:\/\/www.pomegranatespahotel.com\/de\/halkidiki\/how-get-here\/\">\n\t\t\t\t\t\t\tReiseziel\t\t\t\t\t\t<\/a>\n\t\t\t\t\t<\/span>\n\t\t\t\t\n\t\t\t\t\n\t\t\t<\/div>\n\t\t\t\n\t\t<\/div>\n\t\t\t\t\t\t<\/div>\n\t\t\t\t<\/div>\n\t\t\t\t\t<\/div>\n\t\t\t\t<\/div>\n\t\t\t\t<\/div>\n\t\t","protected":false},"excerpt":{"rendered":"<p>POMEGRANATE WELLNESS SPA HOTEL Svg Vector Icons : http:\/\/www.onlinewebfonts.com\/icon 63200, Kassandra, Nea Moudania (near Nea Potidea), Halkidiki, Greece Svg Vector Icons : http:\/\/www.onlinewebfonts.com\/icon +30 23730 43070 Svg Vector Icons : http:\/\/www.onlinewebfonts.com\/icon info@pomegranatespahotel.com Senden Sie Uns Eine Mitteilung Svg Vector Icons : http:\/\/www.onlinewebfonts.com\/icon Gps: Hier Fahren Eintreffen an Pomegranate Wellness Spa Hotel in Chalkidiki, Griechenland Nach [&hellip;]<\/p>\n","protected":false},"author":2,"featured_media":1554,"parent":0,"menu_order":61,"comment_status":"closed","ping_status":"closed","template":"","meta":{"footnotes":""},"class_list":["post-8419","page","type-page","status-publish","has-post-thumbnail","hentry"],"_links":{"self":[{"href":"https:\/\/www.pomegranatespahotel.com\/de\/wp-json\/wp\/v2\/pages\/8419","targetHints":{"allow":["GET"]}}],"collection":[{"href":"https:\/\/www.pomegranatespahotel.com\/de\/wp-json\/wp\/v2\/pages"}],"about":[{"href":"https:\/\/www.pomegranatespahotel.com\/de\/wp-json\/wp\/v2\/types\/page"}],"author":[{"embeddable":true,"href":"https:\/\/www.pomegranatespahotel.com\/de\/wp-json\/wp\/v2\/users\/2"}],"replies":[{"embeddable":true,"href":"https:\/\/www.pomegranatespahotel.com\/de\/wp-json\/wp\/v2\/comments?post=8419"}],"version-history":[{"count":4,"href":"https:\/\/www.pomegranatespahotel.com\/de\/wp-json\/wp\/v2\/pages\/8419\/revisions"}],"predecessor-version":[{"id":17496,"href":"https:\/\/www.pomegranatespahotel.com\/de\/wp-json\/wp\/v2\/pages\/8419\/revisions\/17496"}],"wp:featuredmedia":[{"embeddable":true,"href":"https:\/\/www.pomegranatespahotel.com\/de\/wp-json\/wp\/v2\/media\/1554"}],"wp:attachment":[{"href":"https:\/\/www.pomegranatespahotel.com\/de\/wp-json\/wp\/v2\/media?parent=8419"}],"curies":[{"name":"wp","href":"https:\/\/api.w.org\/{rel}","templated":true}]}}