{"id":8519,"date":"2024-01-17T09:43:51","date_gmt":"2024-01-17T07:43:51","guid":{"rendered":"https:\/\/www.pomegranatespahotel.com\/honeymoon\/"},"modified":"2025-04-07T09:47:39","modified_gmt":"2025-04-07T07:47:39","slug":"honeymoon","status":"publish","type":"page","link":"https:\/\/www.pomegranatespahotel.com\/de\/weddings-halkidiki\/honeymoon\/","title":{"rendered":"Flitterwochen"},"content":{"rendered":"\t\t<div data-elementor-type=\"wp-page\" data-elementor-id=\"8519\" class=\"elementor elementor-8519 elementor-66\" data-elementor-post-type=\"page\">\n\t\t\t\t<div class=\"elementor-element elementor-element-784533d e-flex e-con-boxed e-con e-parent\" data-id=\"784533d\" data-element_type=\"container\" data-e-type=\"container\" data-settings=\"{&quot;position&quot;:&quot;fixed&quot;}\">\n\t\t\t\t\t<div class=\"e-con-inner\">\n\t\t\t\t<div class=\"elementor-element elementor-element-37b9006 elementor-nav-menu--dropdown-mobile elementor-nav-menu--stretch elementor-nav-menu__text-align-center elementor-nav-menu--toggle elementor-nav-menu--burger elementor-widget elementor-widget-nav-menu\" data-id=\"37b9006\" data-element_type=\"widget\" data-e-type=\"widget\" data-settings=\"{&quot;submenu_icon&quot;:{&quot;value&quot;:&quot;&lt;i aria-hidden=\\&quot;true\\&quot; class=\\&quot;\\&quot;&gt;&lt;\\\/i&gt;&quot;,&quot;library&quot;:&quot;&quot;},&quot;full_width&quot;:&quot;stretch&quot;,&quot;layout&quot;:&quot;horizontal&quot;,&quot;toggle&quot;:&quot;burger&quot;}\" data-widget_type=\"nav-menu.default\">\n\t\t\t\t<div class=\"elementor-widget-container\">\n\t\t\t\t\t\t\t\t<nav aria-label=\"Menu\" class=\"elementor-nav-menu--main elementor-nav-menu__container elementor-nav-menu--layout-horizontal e--pointer-background e--animation-fade\">\n\t\t\t\t<ul id=\"menu-1-37b9006\" class=\"elementor-nav-menu\"><li class=\"menu-item menu-item-type-post_type menu-item-object-page menu-item-18353\"><a href=\"https:\/\/www.pomegranatespahotel.com\/conference-hotel-halkidiki\/\" class=\"elementor-item\">Konferenzen &amp; Tagungen<\/a><\/li>\n<li class=\"menu-item menu-item-type-post_type menu-item-object-page menu-item-196\"><a href=\"https:\/\/www.pomegranatespahotel.com\/weddings-halkidiki\/\" class=\"elementor-item\">Hochzeiten &amp; Events<\/a><\/li>\n<li class=\"menu-item menu-item-type-post_type menu-item-object-page menu-item-197\"><a href=\"https:\/\/www.pomegranatespahotel.com\/weddings-halkidiki\/honeymoon\/\" class=\"elementor-item\">Flitterwochen<\/a><\/li>\n<\/ul>\t\t\t<\/nav>\n\t\t\t\t\t<div class=\"elementor-menu-toggle\" role=\"button\" tabindex=\"0\" aria-label=\"Men\u00fc Umschalter\" aria-expanded=\"false\">\n\t\t\t<span class=\"elementor-menu-toggle__icon--open\"><svg xmlns=\"http:\/\/www.w3.org\/2000\/svg\" width=\"800px\" height=\"800px\" viewBox=\"0 0 24 24\"><path d=\"M12.207 19h-1.414l7-7-7-7h1.414l7 7zm-7 0l7-7-7-7H3.793l7 7-7 7z\"><\/path><path fill=\"none\" d=\"M0 0h24v24H0z\"><\/path><\/svg><\/span><span class=\"elementor-menu-toggle__icon--close\"><svg xmlns=\"http:\/\/www.w3.org\/2000\/svg\" xmlns:xlink=\"http:\/\/www.w3.org\/1999\/xlink\" id=\"Capa_1\" x=\"0px\" y=\"0px\" viewBox=\"0 0 224.512 224.512\" style=\"enable-background:new 0 0 224.512 224.512;\" xml:space=\"preserve\"><g>\t<polygon points=\"224.507,6.997 217.521,0 112.256,105.258 6.998,0 0.005,6.997 105.263,112.254    0.005,217.512 6.998,224.512 112.256,119.24 217.521,224.512 224.507,217.512 119.249,112.254  \"><\/polygon><\/g><\/svg><\/span>\t\t<\/div>\n\t\t\t\t\t<nav class=\"elementor-nav-menu--dropdown elementor-nav-menu__container\" aria-hidden=\"true\">\n\t\t\t\t<ul id=\"menu-2-37b9006\" class=\"elementor-nav-menu\"><li class=\"menu-item menu-item-type-post_type menu-item-object-page menu-item-18353\"><a href=\"https:\/\/www.pomegranatespahotel.com\/conference-hotel-halkidiki\/\" class=\"elementor-item\" tabindex=\"-1\">Konferenzen &amp; Tagungen<\/a><\/li>\n<li class=\"menu-item menu-item-type-post_type menu-item-object-page menu-item-196\"><a href=\"https:\/\/www.pomegranatespahotel.com\/weddings-halkidiki\/\" class=\"elementor-item\" tabindex=\"-1\">Hochzeiten &amp; Events<\/a><\/li>\n<li class=\"menu-item menu-item-type-post_type menu-item-object-page menu-item-197\"><a href=\"https:\/\/www.pomegranatespahotel.com\/weddings-halkidiki\/honeymoon\/\" class=\"elementor-item\" tabindex=\"-1\">Flitterwochen<\/a><\/li>\n<\/ul>\t\t\t<\/nav>\n\t\t\t\t\t\t<\/div>\n\t\t\t\t<\/div>\n\t\t\t\t\t<\/div>\n\t\t\t\t<\/div>\n\t\t<div class=\"elementor-element elementor-element-24fed28 e-con-full e-flex e-con e-parent\" data-id=\"24fed28\" data-element_type=\"container\" data-e-type=\"container\">\n\t\t\t\t<div class=\"elementor-element elementor-element-cd21937 elementor-widget elementor-widget-shortcode\" data-id=\"cd21937\" data-element_type=\"widget\" data-e-type=\"widget\" data-widget_type=\"shortcode.default\">\n\t\t\t\t<div class=\"elementor-widget-container\">\n\t\t\t\t\t\t\t<div class=\"elementor-shortcode\"><nav aria-label=\"breadcrumbs\" class=\"rank-math-breadcrumb\"><p><span class=\"last\">Pomegranate Wellness Spa Hotel<\/span><\/p><\/nav><\/div>\n\t\t\t\t\t\t<\/div>\n\t\t\t\t<\/div>\n\t\t\t\t<\/div>\n\t\t<div class=\"elementor-element elementor-element-ac306c8 e-con-full e-flex e-con e-parent\" data-id=\"ac306c8\" data-element_type=\"container\" data-e-type=\"container\">\n\t\t\t\t<div class=\"elementor-element elementor-element-2b04df4 elementor-pagination-position-inside elementor-arrows-position-inside elementor-widget elementor-widget-image-carousel\" data-id=\"2b04df4\" data-element_type=\"widget\" data-e-type=\"widget\" data-settings=\"{&quot;slides_to_show&quot;:&quot;1&quot;,&quot;effect&quot;:&quot;fade&quot;,&quot;autoplay&quot;:&quot;no&quot;,&quot;navigation&quot;:&quot;both&quot;,&quot;infinite&quot;:&quot;yes&quot;,&quot;speed&quot;:500}\" data-widget_type=\"image-carousel.default\">\n\t\t\t\t<div class=\"elementor-widget-container\">\n\t\t\t\t\t\t\t<div class=\"elementor-image-carousel-wrapper swiper\" role=\"region\" aria-roledescription=\"carousel\" aria-label=\"Image Carousel\" dir=\"ltr\">\n\t\t\t<div class=\"elementor-image-carousel swiper-wrapper swiper-image-stretch\" aria-live=\"polite\">\n\t\t\t\t\t\t\t\t<div class=\"swiper-slide\" role=\"group\" aria-roledescription=\"slide\" aria-label=\"1 von 3\"><figure class=\"swiper-slide-inner\"><img decoding=\"async\" class=\"swiper-slide-image\" src=\"https:\/\/www.pomegranatespahotel.com\/wp-content\/uploads\/2024\/06\/Honeymoon-Suite.webp\" alt=\"Honeymoon - Suite\" \/><\/figure><\/div><div class=\"swiper-slide\" role=\"group\" aria-roledescription=\"slide\" aria-label=\"2 von 3\"><figure class=\"swiper-slide-inner\"><img decoding=\"async\" class=\"swiper-slide-image\" src=\"https:\/\/www.pomegranatespahotel.com\/wp-content\/uploads\/2024\/06\/Honeymoon-Sunset.webp\" alt=\"Honeymoon - Sunset\" \/><\/figure><\/div><div class=\"swiper-slide\" role=\"group\" aria-roledescription=\"slide\" aria-label=\"3 von 3\"><figure class=\"swiper-slide-inner\"><img decoding=\"async\" class=\"swiper-slide-image\" src=\"https:\/\/www.pomegranatespahotel.com\/wp-content\/uploads\/2024\/06\/Honeymoon-Suite.webp\" alt=\"Honeymoon - Suite\" \/><\/figure><\/div>\t\t\t<\/div>\n\t\t\t\t\t\t\t\t\t\t\t\t<div class=\"elementor-swiper-button elementor-swiper-button-prev\" role=\"button\" tabindex=\"0\">\n\t\t\t\t\t\t<svg xmlns=\"http:\/\/www.w3.org\/2000\/svg\" xmlns:xlink=\"http:\/\/www.w3.org\/1999\/xlink\" id=\"Layer_1\" x=\"0px\" y=\"0px\" viewBox=\"0 0 511.641 511.641\" style=\"enable-background:new 0 0 511.641 511.641;\" xml:space=\"preserve\"><g>\t<g>\t\t<path d=\"M148.32,255.76L386.08,18c4.053-4.267,3.947-10.987-0.213-15.04c-4.16-3.947-10.667-3.947-14.827,0L125.707,248.293    c-4.16,4.16-4.16,10.88,0,15.04L371.04,508.667c4.267,4.053,10.987,3.947,15.04-0.213c3.947-4.16,3.947-10.667,0-14.827    L148.32,255.76z\"><\/path>\t<\/g><\/g><g><\/g><g><\/g><g><\/g><g><\/g><g><\/g><g><\/g><g><\/g><g><\/g><g><\/g><g><\/g><g><\/g><g><\/g><g><\/g><g><\/g><g><\/g><\/svg>\t\t\t\t\t<\/div>\n\t\t\t\t\t<div class=\"elementor-swiper-button elementor-swiper-button-next\" role=\"button\" tabindex=\"0\">\n\t\t\t\t\t\t<svg xmlns=\"http:\/\/www.w3.org\/2000\/svg\" xmlns:xlink=\"http:\/\/www.w3.org\/1999\/xlink\" id=\"Layer_1\" x=\"0px\" y=\"0px\" viewBox=\"0 0 511.949 511.949\" style=\"enable-background:new 0 0 511.949 511.949;\" xml:space=\"preserve\"><g>\t<g>\t\t<path d=\"M386.235,248.308L140.902,2.975c-4.267-4.053-10.987-3.947-15.04,0.213c-3.947,4.16-3.947,10.667,0,14.827l237.76,237.76    l-237.76,237.867c-4.267,4.053-4.373,10.88-0.213,15.04c4.053,4.267,10.88,4.373,15.04,0.213c0.107-0.107,0.213-0.213,0.213-0.213    l245.333-245.333C390.395,259.188,390.395,252.468,386.235,248.308z\"><\/path>\t<\/g><\/g><g><\/g><g><\/g><g><\/g><g><\/g><g><\/g><g><\/g><g><\/g><g><\/g><g><\/g><g><\/g><g><\/g><g><\/g><g><\/g><g><\/g><g><\/g><\/svg>\t\t\t\t\t<\/div>\n\t\t\t\t\n\t\t\t\t\t\t\t\t\t<div class=\"swiper-pagination\"><\/div>\n\t\t\t\t\t\t\t\t\t<\/div>\n\t\t\t\t\t\t<\/div>\n\t\t\t\t<\/div>\n\t\t\t\t<\/div>\n\t\t<div class=\"elementor-element elementor-element-7faa75b e-flex e-con-boxed e-con e-parent\" data-id=\"7faa75b\" data-element_type=\"container\" data-e-type=\"container\">\n\t\t\t\t\t<div class=\"e-con-inner\">\n\t\t\t\t<div class=\"elementor-element elementor-element-12f36dc elementor-widget__width-initial elementor-widget-divider--view-line elementor-widget elementor-widget-divider\" data-id=\"12f36dc\" data-element_type=\"widget\" data-e-type=\"widget\" data-widget_type=\"divider.default\">\n\t\t\t\t<div class=\"elementor-widget-container\">\n\t\t\t\t\t\t\t<div class=\"elementor-divider\">\n\t\t\t<span class=\"elementor-divider-separator\">\n\t\t\t\t\t\t<\/span>\n\t\t<\/div>\n\t\t\t\t\t\t<\/div>\n\t\t\t\t<\/div>\n\t\t\t\t<div class=\"elementor-element elementor-element-d08bed7 elementor-widget elementor-widget-heading\" data-id=\"d08bed7\" data-element_type=\"widget\" data-e-type=\"widget\" data-widget_type=\"heading.default\">\n\t\t\t\t<div class=\"elementor-widget-container\">\n\t\t\t\t\t<h3 class=\"elementor-heading-title elementor-size-default\">Flitterwochen<\/h3>\t\t\t\t<\/div>\n\t\t\t\t<\/div>\n\t\t\t\t<div class=\"elementor-element elementor-element-e249d24 elementor-widget__width-inherit elementor-widget elementor-widget-heading\" data-id=\"e249d24\" data-element_type=\"widget\" data-e-type=\"widget\" data-widget_type=\"heading.default\">\n\t\t\t\t<div class=\"elementor-widget-container\">\n\t\t\t\t\t<h2 class=\"elementor-heading-title elementor-size-default\">Wahre Liebe<\/h2>\t\t\t\t<\/div>\n\t\t\t\t<\/div>\n\t\t\t\t\t<\/div>\n\t\t\t\t<\/div>\n\t\t<div class=\"elementor-element elementor-element-14120b6 e-flex e-con-boxed e-con e-parent\" data-id=\"14120b6\" data-element_type=\"container\" data-e-type=\"container\">\n\t\t\t\t\t<div class=\"e-con-inner\">\n\t\t<div class=\"elementor-element elementor-element-02d3d4a e-con-full e-flex e-con e-child\" data-id=\"02d3d4a\" data-element_type=\"container\" data-e-type=\"container\" data-settings=\"{&quot;background_background&quot;:&quot;classic&quot;}\">\n\t\t\t\t<div class=\"elementor-element elementor-element-c906bbb elementor-widget elementor-widget-heading\" data-id=\"c906bbb\" data-element_type=\"widget\" data-e-type=\"widget\" data-widget_type=\"heading.default\">\n\t\t\t\t<div class=\"elementor-widget-container\">\n\t\t\t\t\t<h5 class=\"elementor-heading-title elementor-size-default\">Fur Anfragen Oder Buchungen<\/h5>\t\t\t\t<\/div>\n\t\t\t\t<\/div>\n\t\t\t\t<div class=\"elementor-element elementor-element-5756813 elementor-widget elementor-widget-text-editor\" data-id=\"5756813\" data-element_type=\"widget\" data-e-type=\"widget\" data-widget_type=\"text-editor.default\">\n\t\t\t\t<div class=\"elementor-widget-container\">\n\t\t\t\t\t\t\t\t\t<p>Kontaktieren Sie, bitte, unsere Abteilung f\u00fcr Kundenbeziehungen:<br><a href=\"mailto:gr@pomegranatespahotel.com\">gr@pomegranatespahotel.com<\/a><\/p><p>Oder f\u00fcllen Sie das Flitterwochen-Anfrageformular aus<\/p>\t\t\t\t\t\t\t\t<\/div>\n\t\t\t\t<\/div>\n\t\t\t\t<div class=\"elementor-element elementor-element-484b6fa elementor-align-center elementor-widget elementor-widget-button\" data-id=\"484b6fa\" data-element_type=\"widget\" data-e-type=\"widget\" data-widget_type=\"button.default\">\n\t\t\t\t<div class=\"elementor-widget-container\">\n\t\t\t\t\t\t\t\t\t<div class=\"elementor-button-wrapper\">\n\t\t\t\t\t<a class=\"elementor-button elementor-button-link elementor-size-sm\" href=\"https:\/\/www.pomegranatespahotel.com\/de\/contact\/\" target=\"_blank\">\n\t\t\t\t\t\t<span class=\"elementor-button-content-wrapper\">\n\t\t\t\t\t\t\t\t\t<span class=\"elementor-button-text\">Flitterwochen-Anfrage<\/span>\n\t\t\t\t\t<\/span>\n\t\t\t\t\t<\/a>\n\t\t\t\t<\/div>\n\t\t\t\t\t\t\t\t<\/div>\n\t\t\t\t<\/div>\n\t\t\t\t<\/div>\n\t\t<div class=\"elementor-element elementor-element-ab6c1f6 e-con-full e-flex e-con e-child\" data-id=\"ab6c1f6\" data-element_type=\"container\" data-e-type=\"container\">\n\t\t\t\t<div class=\"elementor-element elementor-element-2190398 elementor-widget elementor-widget-heading\" data-id=\"2190398\" data-element_type=\"widget\" data-e-type=\"widget\" data-widget_type=\"heading.default\">\n\t\t\t\t<div class=\"elementor-widget-container\">\n\t\t\t\t\t<h1 class=\"elementor-heading-title elementor-size-default\">Flitterwochen Pakete in Chalkidiki<\/h1>\t\t\t\t<\/div>\n\t\t\t\t<\/div>\n\t\t\t\t<div class=\"elementor-element elementor-element-e8a704c elementor-widget elementor-widget-text-editor\" data-id=\"e8a704c\" data-element_type=\"widget\" data-e-type=\"widget\" data-widget_type=\"text-editor.default\">\n\t\t\t\t<div class=\"elementor-widget-container\">\n\t\t\t\t\t\t\t\t\t<p>Beginnen Sie Ihr neues Leben zusammen in einer eindrucksvollen und luxuri\u00f6sen Ferienumgebung. Das Pomegranate Wellness Spa Hotel bietet den idealen Ort f\u00fcr einen romantischen Kurzurlaub auf der Halbinsel Kassandra oder f\u00fcr Ihre Flitterwochenferien in der majest\u00e4tischen Umgebung von Chalkidiki. Chalkidikis nat\u00fcrliche Sch\u00f6nheit in Verbindung mit unseren Gastlichkeitsdiensten vom Spitzenniveau k\u00f6nnen lediglich von Ihnen beiden genossen werden und sind auf Sie beide ma\u00dfgeschneidert. Die Zeit in Pomegranate ist auszukosten, und wir k\u00f6nnen Ihnen helfen, damit Sie jede unverge\u00dfliche Einzelheit planen. <\/p><p>Wir laden Sie ein, die ganze Romantik und Beschauligkeit eines wahrhaftig einmaligen Ferienzieles zu erfahren, indem Sie eins von unseren erstklassigen romantischen Flitterwochenpaketen ausw\u00e4hlen, die beinhalten:<\/p>\t\t\t\t\t\t\t\t<\/div>\n\t\t\t\t<\/div>\n\t\t\t\t<div class=\"elementor-element elementor-element-ea60a56 elementor-icon-list--layout-traditional elementor-list-item-link-full_width elementor-widget elementor-widget-icon-list\" data-id=\"ea60a56\" data-element_type=\"widget\" data-e-type=\"widget\" data-widget_type=\"icon-list.default\">\n\t\t\t\t<div class=\"elementor-widget-container\">\n\t\t\t\t\t\t\t<ul class=\"elementor-icon-list-items\">\n\t\t\t\t\t\t\t<li class=\"elementor-icon-list-item\">\n\t\t\t\t\t\t\t\t\t\t\t<span class=\"elementor-icon-list-icon\">\n\t\t\t\t\t\t\t<svg xmlns=\"http:\/\/www.w3.org\/2000\/svg\" xmlns:xlink=\"http:\/\/www.w3.org\/1999\/xlink\" x=\"0px\" y=\"0px\" viewBox=\"0 0 256 256\" xml:space=\"preserve\"><metadata> Svg Vector Icons : http:\/\/www.onlinewebfonts.com\/icon <\/metadata><g><g><path d=\"M10,130.9v-5.9h236v5.9H10z\"><\/path><\/g><\/g><\/svg>\t\t\t\t\t\t<\/span>\n\t\t\t\t\t\t\t\t\t\t<span class=\"elementor-icon-list-text\">Freie Zimmeraufwertung (wenn vorhanden)<\/span>\n\t\t\t\t\t\t\t\t\t<\/li>\n\t\t\t\t\t\t\t\t<li class=\"elementor-icon-list-item\">\n\t\t\t\t\t\t\t\t\t\t\t<span class=\"elementor-icon-list-icon\">\n\t\t\t\t\t\t\t<svg xmlns=\"http:\/\/www.w3.org\/2000\/svg\" xmlns:xlink=\"http:\/\/www.w3.org\/1999\/xlink\" x=\"0px\" y=\"0px\" viewBox=\"0 0 256 256\" xml:space=\"preserve\"><metadata> Svg Vector Icons : http:\/\/www.onlinewebfonts.com\/icon <\/metadata><g><g><path d=\"M10,130.9v-5.9h236v5.9H10z\"><\/path><\/g><\/g><\/svg>\t\t\t\t\t\t<\/span>\n\t\t\t\t\t\t\t\t\t\t<span class=\"elementor-icon-list-text\">Eine Flasche Wein oder Sekt und frisches Obst (bei der Ankunft)<\/span>\n\t\t\t\t\t\t\t\t\t<\/li>\n\t\t\t\t\t\t\t\t<li class=\"elementor-icon-list-item\">\n\t\t\t\t\t\t\t\t\t\t\t<span class=\"elementor-icon-list-icon\">\n\t\t\t\t\t\t\t<svg xmlns=\"http:\/\/www.w3.org\/2000\/svg\" xmlns:xlink=\"http:\/\/www.w3.org\/1999\/xlink\" x=\"0px\" y=\"0px\" viewBox=\"0 0 256 256\" xml:space=\"preserve\"><metadata> Svg Vector Icons : http:\/\/www.onlinewebfonts.com\/icon <\/metadata><g><g><path d=\"M10,130.9v-5.9h236v5.9H10z\"><\/path><\/g><\/g><\/svg>\t\t\t\t\t\t<\/span>\n\t\t\t\t\t\t\t\t\t\t<span class=\"elementor-icon-list-text\">Romantisches privates Abendessen<\/span>\n\t\t\t\t\t\t\t\t\t<\/li>\n\t\t\t\t\t\t\t\t<li class=\"elementor-icon-list-item\">\n\t\t\t\t\t\t\t\t\t\t\t<span class=\"elementor-icon-list-icon\">\n\t\t\t\t\t\t\t<svg xmlns=\"http:\/\/www.w3.org\/2000\/svg\" xmlns:xlink=\"http:\/\/www.w3.org\/1999\/xlink\" x=\"0px\" y=\"0px\" viewBox=\"0 0 256 256\" xml:space=\"preserve\"><metadata> Svg Vector Icons : http:\/\/www.onlinewebfonts.com\/icon <\/metadata><g><g><path d=\"M10,130.9v-5.9h236v5.9H10z\"><\/path><\/g><\/g><\/svg>\t\t\t\t\t\t<\/span>\n\t\t\t\t\t\t\t\t\t\t<span class=\"elementor-icon-list-text\">Massagebehandlungen f\u00fcr zwei<\/span>\n\t\t\t\t\t\t\t\t\t<\/li>\n\t\t\t\t\t\t<\/ul>\n\t\t\t\t\t\t<\/div>\n\t\t\t\t<\/div>\n\t\t\t\t<div class=\"elementor-element elementor-element-ad245ec elementor-widget elementor-widget-text-editor\" data-id=\"ad245ec\" data-element_type=\"widget\" data-e-type=\"widget\" data-widget_type=\"text-editor.default\">\n\t\t\t\t<div class=\"elementor-widget-container\">\n\t\t\t\t\t\t\t\t\t<p>\u2026.und viele andere exklusive Dienste!<\/p>\t\t\t\t\t\t\t\t<\/div>\n\t\t\t\t<\/div>\n\t\t\t\t<\/div>\n\t\t\t\t\t<\/div>\n\t\t\t\t<\/div>\n\t\t<div class=\"elementor-element elementor-element-5561002 e-flex e-con-boxed e-con e-parent\" data-id=\"5561002\" data-element_type=\"container\" data-e-type=\"container\">\n\t\t\t\t\t<div class=\"e-con-inner\">\n\t\t<div class=\"elementor-element elementor-element-1e07b3a e-con-full e-flex e-con e-child\" data-id=\"1e07b3a\" data-element_type=\"container\" data-e-type=\"container\" data-settings=\"{&quot;background_background&quot;:&quot;classic&quot;}\">\n\t\t\t\t<div class=\"elementor-element elementor-element-019bce9 elementor-widget elementor-widget-image\" data-id=\"019bce9\" data-element_type=\"widget\" data-e-type=\"widget\" data-widget_type=\"image.default\">\n\t\t\t\t<div class=\"elementor-widget-container\">\n\t\t\t\t\t\t\t\t\t\t\t\t\t\t\t<img fetchpriority=\"high\" decoding=\"async\" width=\"800\" height=\"534\" src=\"https:\/\/www.pomegranatespahotel.com\/wp-content\/uploads\/2024\/06\/Wedding-Pool-1024x683.webp\" class=\"attachment-large size-large wp-image-12567\" alt=\"Wedding - Pool\" srcset=\"https:\/\/www.pomegranatespahotel.com\/wp-content\/uploads\/2024\/06\/Wedding-Pool-1024x683.webp 1024w, https:\/\/www.pomegranatespahotel.com\/wp-content\/uploads\/2024\/06\/Wedding-Pool-512x341.webp 512w, https:\/\/www.pomegranatespahotel.com\/wp-content\/uploads\/2024\/06\/Wedding-Pool-768x512.webp 768w, https:\/\/www.pomegranatespahotel.com\/wp-content\/uploads\/2024\/06\/Wedding-Pool-1536x1024.webp 1536w, https:\/\/www.pomegranatespahotel.com\/wp-content\/uploads\/2024\/06\/Wedding-Pool-2048x1366.webp 2048w\" sizes=\"(max-width: 800px) 100vw, 800px\" \/>\t\t\t\t\t\t\t\t\t\t\t\t\t\t\t<\/div>\n\t\t\t\t<\/div>\n\t\t\t\t<\/div>\n\t\t<div class=\"elementor-element elementor-element-c4a6d7b e-con-full e-flex e-con e-child\" data-id=\"c4a6d7b\" data-element_type=\"container\" data-e-type=\"container\" data-settings=\"{&quot;background_background&quot;:&quot;classic&quot;}\">\n\t\t\t\t<div class=\"elementor-element elementor-element-0bc6ff9 elementor-widget elementor-widget-heading\" data-id=\"0bc6ff9\" data-element_type=\"widget\" data-e-type=\"widget\" data-widget_type=\"heading.default\">\n\t\t\t\t<div class=\"elementor-widget-container\">\n\t\t\t\t\t<h3 class=\"elementor-heading-title elementor-size-default\">Hochzeitsplanung<\/h3>\t\t\t\t<\/div>\n\t\t\t\t<\/div>\n\t\t\t\t<div class=\"elementor-element elementor-element-7d12176 elementor-widget elementor-widget-text-editor\" data-id=\"7d12176\" data-element_type=\"widget\" data-e-type=\"widget\" data-widget_type=\"text-editor.default\">\n\t\t\t\t<div class=\"elementor-widget-container\">\n\t\t\t\t\t\t\t\t\t<p>W\u00e4hlen Sie eins der vielen au\u00dfergew\u00f6hnlichen Chalkidiki Hochzeitspaketen aus, und kontaktieren Sie uns heute, um die Planung Ihres besonderen Tages im Pomegranate Wellness Spa Hotel zu beginnen!<\/p>\t\t\t\t\t\t\t\t<\/div>\n\t\t\t\t<\/div>\n\t\t\t\t<div class=\"elementor-element elementor-element-3774ae8 elementor-widget elementor-widget-button\" data-id=\"3774ae8\" data-element_type=\"widget\" data-e-type=\"widget\" data-widget_type=\"button.default\">\n\t\t\t\t<div class=\"elementor-widget-container\">\n\t\t\t\t\t\t\t\t\t<div class=\"elementor-button-wrapper\">\n\t\t\t\t\t<a class=\"elementor-button elementor-button-link elementor-size-sm\" href=\"https:\/\/www.pomegranatespahotel.com\/de\/weddings-halkidiki\/\">\n\t\t\t\t\t\t<span class=\"elementor-button-content-wrapper\">\n\t\t\t\t\t\t\t\t\t<span class=\"elementor-button-text\">Heiraten Sie in Griechenland<\/span>\n\t\t\t\t\t<\/span>\n\t\t\t\t\t<\/a>\n\t\t\t\t<\/div>\n\t\t\t\t\t\t\t\t<\/div>\n\t\t\t\t<\/div>\n\t\t\t\t<\/div>\n\t\t\t\t\t<\/div>\n\t\t\t\t<\/div>\n\t\t\t\t<\/div>\n\t\t","protected":false},"excerpt":{"rendered":"<p>Fur Anfragen Oder Buchungen Kontaktieren Sie, bitte, unsere Abteilung f\u00fcr Kundenbeziehungen:gr@pomegranatespahotel.com Oder f\u00fcllen Sie das Flitterwochen-Anfrageformular aus Flitterwochen-Anfrage Flitterwochen Pakete in Chalkidiki Beginnen Sie Ihr neues Leben zusammen in einer eindrucksvollen und luxuri\u00f6sen Ferienumgebung. Das Pomegranate Wellness Spa Hotel bietet den idealen Ort f\u00fcr einen romantischen Kurzurlaub auf der Halbinsel Kassandra oder f\u00fcr Ihre Flitterwochenferien [&hellip;]<\/p>\n","protected":false},"author":2,"featured_media":4720,"parent":8540,"menu_order":37,"comment_status":"closed","ping_status":"closed","template":"","meta":{"footnotes":""},"class_list":["post-8519","page","type-page","status-publish","has-post-thumbnail","hentry"],"_links":{"self":[{"href":"https:\/\/www.pomegranatespahotel.com\/de\/wp-json\/wp\/v2\/pages\/8519","targetHints":{"allow":["GET"]}}],"collection":[{"href":"https:\/\/www.pomegranatespahotel.com\/de\/wp-json\/wp\/v2\/pages"}],"about":[{"href":"https:\/\/www.pomegranatespahotel.com\/de\/wp-json\/wp\/v2\/types\/page"}],"author":[{"embeddable":true,"href":"https:\/\/www.pomegranatespahotel.com\/de\/wp-json\/wp\/v2\/users\/2"}],"replies":[{"embeddable":true,"href":"https:\/\/www.pomegranatespahotel.com\/de\/wp-json\/wp\/v2\/comments?post=8519"}],"version-history":[{"count":2,"href":"https:\/\/www.pomegranatespahotel.com\/de\/wp-json\/wp\/v2\/pages\/8519\/revisions"}],"predecessor-version":[{"id":17476,"href":"https:\/\/www.pomegranatespahotel.com\/de\/wp-json\/wp\/v2\/pages\/8519\/revisions\/17476"}],"up":[{"embeddable":true,"href":"https:\/\/www.pomegranatespahotel.com\/de\/wp-json\/wp\/v2\/pages\/8540"}],"wp:featuredmedia":[{"embeddable":true,"href":"https:\/\/www.pomegranatespahotel.com\/de\/wp-json\/wp\/v2\/media\/4720"}],"wp:attachment":[{"href":"https:\/\/www.pomegranatespahotel.com\/de\/wp-json\/wp\/v2\/media?parent=8519"}],"curies":[{"name":"wp","href":"https:\/\/api.w.org\/{rel}","templated":true}]}}